{"id":954,"date":"2016-02-26T08:18:21","date_gmt":"2016-02-26T08:18:21","guid":{"rendered":"http:\/\/finance.thememove.com\/homepage-01-2\/"},"modified":"2019-03-05T19:15:20","modified_gmt":"2019-03-05T17:15:20","slug":"homepage-03","status":"publish","type":"page","link":"https:\/\/keystrategy.mc\/fr\/","title":{"rendered":"Homepage 03"},"content":{"rendered":"<p>[vc_row full_width=\u00a0\u00bbstretch_row_content_no_spaces\u00a0\u00bb css=\u00a0\u00bb.vc_custom_1452480528940{margin-bottom: 0px !important;}\u00a0\u00bb][vc_column][rev_slider_vc alias=\u00a0\u00bbtm-03&Prime;][\/vc_column][\/vc_row][vc_row][vc_column css=\u00a0\u00bb.vc_custom_1533574207281{padding-top: 80px !important;padding-bottom: 50px !important;}\u00a0\u00bb][vc_column_text]<span style=\"font-size: 14pt;\">Nos bureaux en Principaut\u00e9 de Monaco sont id\u00e9alement plac\u00e9s pour permettre \u00e0 notre \u00e9quipe d\u2019experts internationaux en conseil d\u2019affaires de vous fournir leur soutien et leur assistance dans un tr\u00e8s vaste \u00e9ventail de juridictions. Nos principaux domaines de comp\u00e9tences sont le conseil, la strat\u00e9gie et la conformit\u00e9 d\u2019entreprise, l\u2019ing\u00e9nierie et la planification patrimoniale, l\u2019immobilier et le droit des affaires.<\/span><\/p>\n<p><span style=\"font-size: 14pt;\">Nos professionnels seront \u00e0 m\u00eames de vous conseiller et de vous guider dans toutes les \u00e9tapes de vos projets afin d\u2019atteindre tous vos objectifs. Vos priorit\u00e9s seront les n\u00f4tres, car nous comprenons parfaitement les d\u00e9fis auxquels vous faites face et partageons vos valeurs.<\/span>[\/vc_column_text][\/vc_column][\/vc_row][vc_row full_width=\u00a0\u00bbstretch_row\u00a0\u00bb equal_height=\u00a0\u00bbyes\u00a0\u00bb content_placement=\u00a0\u00bbmiddle\u00a0\u00bb css=\u00a0\u00bb.vc_custom_1533573704510{margin-bottom: 0px !important;padding-top: 30px !important;}\u00a0\u00bb el_class=\u00a0\u00bbprimary_bgcolor bg-gradient\u00a0\u00bb][vc_column][vc_custom_heading text=\u00a0\u00bbNotre approche et nos valeurs\u00a0\u00bb font_container=\u00a0\u00bbtag:h2|font_size:30|text_align:left|color:%23ffffff|line_height:1em\u00a0\u00bb use_theme_fonts=\u00a0\u00bbyes\u00a0\u00bb tm_font_weight=\u00a0\u00bb700&Prime; tm_letter_spacing=\u00a0\u00bb-1px\u00a0\u00bb el_class=\u00a0\u00bbheading-left-white font-weight-700&Prime;][vc_column_text]<\/p>\n<p style=\"text-align: justify;\"><span style=\"font-size: 14pt; color: #ffffff;\"><em>\u00ab\u00a0Key Strategy a vu le jour, en 2005 en Principaut\u00e9 de Monaco, avec pour objectif la prestation -\u00e0 ses clients et \u00e0 ses partenaires d\u2019affaires- de services de qualit\u00e9 optimale et de solutions d\u2019engagement durable. Nous visons \u00e0 garantir le succ\u00e8s des clients dans leurs projets au moyen de solutions efficaces, tout en leur permettant de pouvoir toujours compter sur nous, sur notre expertise et sur notre discr\u00e9tion.<\/em><\/span><\/p>\n<p style=\"text-align: justify;\"><span style=\"font-size: 14pt; color: #ffffff;\"><em>La Principaut\u00e9 de Monaco est un \u00c9tat unique au monde, dont le dynamisme est aussi exceptionnel que l\u2019est sa nature cosmopolite, v\u00e9ritable creuset de cultures d\u2019o\u00f9 prend naissance une modernit\u00e9 sans pareils. Sous la direction \u00e9clair\u00e9e de son souverain, Son Altesse S\u00e9r\u00e9nissime le Prince Albert II, la place vise sans cesse l\u2019excellence et l\u2019innovation de pointe. Son centre financier est parmi les plus pris\u00e9s, il est strictement r\u00e9glement\u00e9 et dot\u00e9 d\u2019un cadre l\u00e9gal exemplaire en mati\u00e8re de lutte contre le blanchiment des capitaux, le financement du terrorisme et la corruption.<\/em><\/span><\/p>\n<p style=\"text-align: justify;\"><span style=\"font-size: 14pt; color: #ffffff;\"><em>Key Strategy s\u2019est rapidement affirm\u00e9e comme l\u2019une des \u00e9tudes les plus solides, s\u00e9rieuses et pionni\u00e8res de la Principaut\u00e9\u00a0; elle fournit une ample palette de services de conseil, de support multi-juridictionnel dans des domaines vari\u00e9s, allant du r\u00e9glementaire \u00e0 l\u2019op\u00e9rationnel, en passant par le financier, le fiscal, le successoral, le l\u00e9gal et le contractuel.\u00a0 Nos clients disposent de patrimoines tr\u00e8s importants qu\u2019ils souhaitent pr\u00e9server pour les g\u00e9n\u00e9rations futures\u00a0; ils ont confiance en notre approche, consolid\u00e9e, traditionnellement orient\u00e9e vers la prudence et vers le long terme.<\/em><\/span><\/p>\n<p style=\"text-align: justify;\"><span style=\"font-size: 14pt; color: #ffffff;\"><em>Les principaux secteurs de comp\u00e9tence de notre \u00e9quipe de professionnels sont les affaires, la conformit\u00e9, la strat\u00e9gie de gestion, la protection internationale du patrimoine et des avoirs, la fiscalit\u00e9 internationale (dont celle fran\u00e7aise), l\u2019ing\u00e9nierie patrimoniale, le droit soci\u00e9taire, le droit aff\u00e9rent aux trusts et aux fondations, les strat\u00e9gies et le droit pertinents \u00e0 l\u2019immobilier.<\/em><\/span><\/p>\n<p style=\"text-align: justify;\"><span style=\"font-size: 14pt; color: #ffffff;\"><em>Quel que soit l\u2019objectif que vous souhaitiez atteindre, notre \u00e9quipe de professionnels saura vous guider \u00e0 chaque \u00e9tape, concentrant son attention sur vos demandes et vos besoins, vous accompagnant dans les d\u00e9fis qui sont les v\u00f4tres dans l\u2019actuel environnement \u00e9conomique et entrepreneurial mondial, en constante mutation et dont la complexit\u00e9 est toujours croissante.<\/em><\/span><\/p>\n<p style=\"text-align: justify;\"><span style=\"font-size: 14pt; color: #ffffff;\"><em>Notre secteur conna\u00eet une acc\u00e9l\u00e9ration r\u00e9elle de son \u00e9volution r\u00e9glementaire, de m\u00eame que l\u2019\u00e9conomie mondiale est en pleine transformation, mais nous avons cumul\u00e9 l\u2019exp\u00e9rience, les connaissances et la vision pour r\u00e9pondre \u00e0 vos n\u00e9cessit\u00e9s et pour r\u00e9aliser vos objectifs. Contactez-nous afin que nous puissions en discuter plus amplement ensemble.\u00a0\u00bb<\/em><\/span><\/p>\n<p style=\"text-align: right;\"><span style=\"color: #ffffff;\">Alessandro et Federico GARRONE<\/span><\/p>\n<p style=\"text-align: right;\"><span style=\"color: #ffffff;\">Associ\u00e9s et fondateurs<\/span><\/p>\n<p>[\/vc_column_text][\/vc_column][\/vc_row][vc_row full_width=\u00a0\u00bbstretch_row\u00a0\u00bb css=\u00a0\u00bb.vc_custom_1523889861912{margin-top: 0px !important;margin-bottom: 0px !important;padding-top: 45px !important;padding-bottom: 80px !important;background-color: #ffffff !important;}\u00a0\u00bb el_class=\u00a0\u00bbbg-cover\u00a0\u00bb][vc_column][vc_custom_heading text=\u00a0\u00bb\u00c0 la une\u00a0\u00bb font_container=\u00a0\u00bbtag:h2|font_size:30|text_align:center|color:%231f1f1f|line_height:1em\u00a0\u00bb use_theme_fonts=\u00a0\u00bbyes\u00a0\u00bb tm_font_weight=\u00a0\u00bb700&Prime; tm_letter_spacing=\u00a0\u00bb-1px\u00a0\u00bb el_class=\u00a0\u00bbfont-weight-700&Prime; css=\u00a0\u00bb.vc_custom_1538386722202{margin-bottom: 30px !important;}\u00a0\u00bb][thememove_newsupdate type=\u00a0\u00bb2&Prime; num=\u00a0\u00bb2&Prime;][\/vc_column][\/vc_row][vc_row full_width=\u00a0\u00bbstretch_row_content\u00a0\u00bb][vc_column][vc_gmaps link=\u00a0\u00bb#E-8_JTNDaWZyYW1lJTIwc3JjJTNEJTIyaHR0cHMlM0ElMkYlMkZ3d3cuZ29vZ2xlLmNvbSUyRm1hcHMlMkZlbWJlZCUzRnBiJTNEJTIxMW0xOCUyMTFtMTIlMjExbTMlMjExZDE0NDEuMjQ5MjU2MzA0Mzg1NyUyMTJkNy40MjUwMTIwNTg0MTIxNTElMjEzZDQzLjc0MTc0MzY5NDc3OTU5JTIxMm0zJTIxMWYwJTIxMmYwJTIxM2YwJTIxM20yJTIxMWkxMDI0JTIxMmk3NjglMjE0ZjEzLjElMjEzbTMlMjExbTIlMjExczB4MTJjZGMyNjJiZTUzMmM5YiUyNTNBMHgyMWM1MWIzZTk5MTZkZjJlJTIxMnMzMyUyQkJvdWxldmFyZCUyQlByaW5jZXNzZSUyQkNoYXJsb3R0ZSUyNTJDJTJCOTgwMDAlMkJNb25hY28lMjE1ZTAlMjEzbTIlMjExc2l0JTIxMnNpdCUyMTR2MTUzMzkxMjQ0MDIxNSUyMiUyMHdpZHRoJTNEJTIyNjAwJTIyJTIwaGVpZ2h0JTNEJTIyNDUwJTIyJTIwZnJhbWVib3JkZXIlM0QlMjIwJTIyJTIwc3R5bGUlM0QlMjJib3JkZXIlM0EwJTIyJTIwYWxsb3dmdWxsc2NyZWVuJTNFJTNDJTJGaWZyYW1lJTNF\u00a0\u00bb size=\u00a0\u00bb300px\u00a0\u00bb][\/vc_column][\/vc_row]<\/p>\n","protected":false},"excerpt":{"rendered":"<p>[vc_row full_width=\u00a0\u00bbstretch_row_content_no_spaces\u00a0\u00bb css=\u00a0\u00bb.vc_custom_1452480528940{margin-bottom: 0px !important;}\u00a0\u00bb][vc_column][rev_slider_vc alias=\u00a0\u00bbtm-03&Prime;][\/vc_column][\/vc_row][vc_row][vc_column css=\u00a0\u00bb.vc_custom_1533574207281{padding-top: 80px !important;padding-bottom: 50px !important;}\u00a0\u00bb][vc_column_text]Nos bureaux en Principaut\u00e9 de Monaco sont id\u00e9alement plac\u00e9s pour permettre \u00e0 notre \u00e9quipe d\u2019experts internationaux en conseil d\u2019affaires de vous fournir leur soutien et leur assistance dans un tr\u00e8s vaste \u00e9ventail de juridictions. Nos principaux domaines de comp\u00e9tences sont le conseil, la strat\u00e9gie et [&hellip;]<\/p>\n","protected":false},"author":4,"featured_media":0,"parent":0,"menu_order":0,"comment_status":"closed","ping_status":"closed","template":"","meta":{"footnotes":""},"class_list":["post-954","page","type-page","status-publish","hentry"],"_links":{"self":[{"href":"https:\/\/keystrategy.mc\/fr\/wp-json\/wp\/v2\/pages\/954","targetHints":{"allow":["GET"]}}],"collection":[{"href":"https:\/\/keystrategy.mc\/fr\/wp-json\/wp\/v2\/pages"}],"about":[{"href":"https:\/\/keystrategy.mc\/fr\/wp-json\/wp\/v2\/types\/page"}],"author":[{"embeddable":true,"href":"https:\/\/keystrategy.mc\/fr\/wp-json\/wp\/v2\/users\/4"}],"replies":[{"embeddable":true,"href":"https:\/\/keystrategy.mc\/fr\/wp-json\/wp\/v2\/comments?post=954"}],"version-history":[{"count":10,"href":"https:\/\/keystrategy.mc\/fr\/wp-json\/wp\/v2\/pages\/954\/revisions"}],"predecessor-version":[{"id":2104,"href":"https:\/\/keystrategy.mc\/fr\/wp-json\/wp\/v2\/pages\/954\/revisions\/2104"}],"wp:attachment":[{"href":"https:\/\/keystrategy.mc\/fr\/wp-json\/wp\/v2\/media?parent=954"}],"curies":[{"name":"wp","href":"https:\/\/api.w.org\/{rel}","templated":true}]}}