{"id":202,"date":"2016-01-14T08:11:09","date_gmt":"2016-01-14T08:11:09","guid":{"rendered":"http:\/\/finance.thememove.com\/?page_id=202"},"modified":"2018-10-01T16:17:54","modified_gmt":"2018-10-01T14:17:54","slug":"our-services","status":"publish","type":"page","link":"https:\/\/keystrategy.mc\/fr\/our-services\/","title":{"rendered":"Nos comp\u00e9tences"},"content":{"rendered":"<p>[vc_row][vc_column][vc_custom_heading text=\u00a0\u00bbNous sommes \u00e0 m\u00eames de pr\u00eater conseil, \u00e9tude, analyse et assistance internationale \u00e0 nos clients, personnes physiques ou morales, priv\u00e9es ou institutionnelles, dans les domaines suivants :\u00a0\u00bb font_container=\u00a0\u00bbtag:h1|text_align:left\u00a0\u00bb use_theme_fonts=\u00a0\u00bbyes\u00a0\u00bb][vc_empty_space height=\u00a0\u00bb45px\u00a0\u00bb][\/vc_column][\/vc_row][vc_row full_width=\u00a0\u00bbstretch_row\u00a0\u00bb css=\u00a0\u00bb.vc_custom_1454400892594{margin-bottom: 30px !important;}\u00a0\u00bb][vc_column width=\u00a0\u00bb1\/2&Prime;][vc_custom_heading text=\u00a0\u00bbConseil d\u2019affaires\u00a0\u00bb font_container=\u00a0\u00bbtag:h1|text_align:left\u00a0\u00bb use_theme_fonts=\u00a0\u00bbyes\u00a0\u00bb][vc_column_text]<\/p>\n<ul>\n<li style=\"text-align: left;\">Plan d\u2019entreprise et de d\u00e9veloppement \u2013 Pr\u00e9paration du budget<\/li>\n<li style=\"text-align: left;\">Proc\u00e9dures administratives, municipales et gouvernementales<\/li>\n<li style=\"text-align: left;\">Lien avec les Autorit\u00e9s<\/li>\n<li style=\"text-align: justify;\">Lancement d\u2019activit\u00e9s et cr\u00e9ation de soci\u00e9t\u00e9s en Principaut\u00e9 de Monaco et \u00e0 l\u2019\u00e9tranger. Analyse strat\u00e9gique du projet en fonction du type de soci\u00e9t\u00e9 et de la nature de l\u2019activit\u00e9; incluant entre autres l\u2019assistance en mati\u00e8re de recherche et de location de bureaux ainsi que l\u2019orientation vers le cabinet d\u2019expertise comptable, l\u2019\u00e9tude d\u2019avocat, les professions lib\u00e9rales mon\u00e9gasques n\u00e9cessaires<\/li>\n<li style=\"text-align: left;\">L\u2019assistance dans l\u2019ouverture de comptes, relations et financements bancaires<\/li>\n<li style=\"text-align: left;\">Relations publiques<\/li>\n<\/ul>\n<p>[\/vc_column_text][vc_custom_heading text=\u00a0\u00bbConformit\u00e9\u00a0\u00bb font_container=\u00a0\u00bbtag:h1|text_align:left\u00a0\u00bb use_theme_fonts=\u00a0\u00bbyes\u00a0\u00bb][vc_column_text]<\/p>\n<ul>\n<li>D\u00e9veloppement et r\u00e9daction de proc\u00e9dures<\/li>\n<li>Renforcement de l\u2019esprit et de la culture de conformit\u00e9 au sein de l\u2019entreprise<\/li>\n<li>Formations et encadrement<\/li>\n<\/ul>\n<p>[\/vc_column_text][vc_custom_heading text=\u00a0\u00bbStrat\u00e9gie et Gestion\u00a0\u00bb font_container=\u00a0\u00bbtag:h1|text_align:left\u00a0\u00bb use_theme_fonts=\u00a0\u00bbyes\u00a0\u00bb][vc_column_text]<\/p>\n<ul>\n<li>Conseils strat\u00e9giques<\/li>\n<li>V\u00e9rifications et \u00ab\u00a0due diligence\u00a0\u00bb pr\u00e9alables \u00e0 des fusions-acquisitions<\/li>\n<li>V\u00e9rifications et \u00ab\u00a0due diligence\u00a0\u00bb pr\u00e9alables \u00e0 toute op\u00e9ration immobili\u00e8re<\/li>\n<li>Conformit\u00e9 r\u00e9glementaire<\/li>\n<li>Conseils strat\u00e9giques en mati\u00e8re de propri\u00e9t\u00e9 intellectuelle<\/li>\n<li>Strat\u00e9gies de sortie, de relocalisation, de rapatriement des avoirs.<\/li>\n<\/ul>\n<p>[\/vc_column_text][vc_custom_heading text=\u00a0\u00bbTrusts et Fondations\u00a0\u00bb font_container=\u00a0\u00bbtag:h1|text_align:left\u00a0\u00bb use_theme_fonts=\u00a0\u00bbyes\u00a0\u00bb][vc_column_text]<\/p>\n<ul>\n<li>Conseil en mati\u00e8re de droit international des trusts et des fondations.<\/li>\n<li>Conseil en mati\u00e8re d\u2019administration des trusts<\/li>\n<\/ul>\n<p>[\/vc_column_text][vc_custom_heading text=\u00a0\u00bbAutres services rendus par le Groupe\u00a0\u00bb font_container=\u00a0\u00bbtag:h1|text_align:left\u00a0\u00bb use_theme_fonts=\u00a0\u00bbyes\u00a0\u00bb][vc_column_text]<\/p>\n<ul>\n<li>Multi-Family Office<\/li>\n<li>Constitution et domiciliation de soci\u00e9t\u00e9s \u00e9trang\u00e8res, dont fondations et trusts.<\/li>\n<\/ul>\n<p>[\/vc_column_text][\/vc_column][vc_column width=\u00a0\u00bb1\/2&Prime;][vc_custom_heading text=\u00a0\u00bbPlanification successorale internationale\u00a0\u00bb font_container=\u00a0\u00bbtag:h1|text_align:left\u00a0\u00bb use_theme_fonts=\u00a0\u00bbyes\u00a0\u00bb][vc_column_text]<\/p>\n<ul>\n<li>Successions et transmissions<\/li>\n<li>R\u00e9serves h\u00e9r\u00e9ditaires<\/li>\n<li>Coordination et orientation en vue de l\u2019acquittement des obligations fiscales et du r\u00e8glement des d\u00e9clarations fiscales<\/li>\n<li>Donations<\/li>\n<li>Coordination et accompagnement aupr\u00e8s des notaires, gestionnaires financiers, banquiers, comptables et experts-comptables<\/li>\n<\/ul>\n<p>[\/vc_column_text][vc_empty_space height=\u00a0\u00bb25px\u00a0\u00bb][vc_custom_heading text=\u00a0\u00bbImmobilier\u00a0\u00bb font_container=\u00a0\u00bbtag:h1|text_align:left\u00a0\u00bb use_theme_fonts=\u00a0\u00bbyes\u00a0\u00bb][vc_column_text]<\/p>\n<ul>\n<li>Assistance et coordination dans le cadre d\u2019achats ou ventes de biens immobiliers et toute op\u00e9ration, ordinaire ou complexe.<\/li>\n<li>Orientation et coordination avec les interm\u00e9diaires (notaires, banquiers, avocats, huissiers\u2026) dans toutes les juridictions<\/li>\n<li>Mandataires Agr\u00e9\u00e9s, \u00e0 Monaco, pour le r\u00e8glement des droits d&rsquo;enregistrement exigibles sur les mutations de biens et droits immobiliers (ex article 2 de la Loi 1.381 du 19\/06\/2011)<\/li>\n<\/ul>\n<p>[\/vc_column_text][vc_empty_space height=\u00a0\u00bb25px\u00a0\u00bb][vc_custom_heading text=\u00a0\u00bbIng\u00e9nierie patrimoniale\u00a0\u00bb font_container=\u00a0\u00bbtag:h1|text_align:left\u00a0\u00bb use_theme_fonts=\u00a0\u00bbyes\u00a0\u00bb][vc_column_text]<\/p>\n<ul>\n<li>Ma\u00eetrise des diff\u00e9rents r\u00e9gimes fiscaux et juridiques applicables pour une client\u00e8le internationale, priv\u00e9e ou soci\u00e9taire.<\/li>\n<li>Orientation et assistance dans les projets d\u2019immigration et\/ou d\u2019\u00e9migration de et vers toutes les juridictions.<\/li>\n<li>Domiciliation \u00e0 Monaco et assistance dans les proc\u00e9dures et formalit\u00e9s de demande de r\u00e9sidence.<\/li>\n<li>Planification fiscale pour investissements priv\u00e9s incluant les successions, ainsi que les diff\u00e9rentes impositions\u00a0: successorale, fonci\u00e8re, sur plus-value et sur revenus.<\/li>\n<li>Assistance et repr\u00e9sentation pour les correspondances, les rescrits, les contentieux fiscaux par devant les administrations, les autorit\u00e9s et les cours fiscales fran\u00e7aises (dont les affaires tenant \u00e0 l\u2019imp\u00f4t sur la fortune, les plus-values, les lib\u00e9ralit\u00e9s, les successions, la taxe \u00ab\u00a0des 3%\u00a0\u00bb, etc\u2026)<\/li>\n<li>Planification fiscale fran\u00e7aise \u2013 en g\u00e9n\u00e9ral et pour les cas sp\u00e9cifiques, simples ou complexes (ex.\u00a0: nouvelles dispositions fiscales en mati\u00e8re d\u2019imp\u00f4t sur la fortune, imposition des plus-values, imp\u00f4t sur le revenu, etc.)<\/li>\n<\/ul>\n<p>[\/vc_column_text][\/vc_column][\/vc_row]<\/p>\n","protected":false},"excerpt":{"rendered":"<p>[vc_row][vc_column][vc_custom_heading text=\u00a0\u00bbNous sommes \u00e0 m\u00eames de pr\u00eater conseil, \u00e9tude, analyse et assistance internationale \u00e0 nos clients, personnes physiques ou morales, priv\u00e9es ou institutionnelles, dans les domaines suivants :\u00a0\u00bb font_container=\u00a0\u00bbtag:h1|text_align:left\u00a0\u00bb use_theme_fonts=\u00a0\u00bbyes\u00a0\u00bb][vc_empty_space height=\u00a0\u00bb45px\u00a0\u00bb][\/vc_column][\/vc_row][vc_row full_width=\u00a0\u00bbstretch_row\u00a0\u00bb css=\u00a0\u00bb.vc_custom_1454400892594{margin-bottom: 30px !important;}\u00a0\u00bb][vc_column width=\u00a0\u00bb1\/2&Prime;][vc_custom_heading text=\u00a0\u00bbConseil d\u2019affaires\u00a0\u00bb font_container=\u00a0\u00bbtag:h1|text_align:left\u00a0\u00bb use_theme_fonts=\u00a0\u00bbyes\u00a0\u00bb][vc_column_text] Plan d\u2019entreprise et de d\u00e9veloppement \u2013 Pr\u00e9paration du budget Proc\u00e9dures administratives, municipales et gouvernementales Lien [&hellip;]<\/p>\n","protected":false},"author":4,"featured_media":0,"parent":0,"menu_order":0,"comment_status":"closed","ping_status":"closed","template":"","meta":{"footnotes":""},"class_list":["post-202","page","type-page","status-publish","hentry"],"_links":{"self":[{"href":"https:\/\/keystrategy.mc\/fr\/wp-json\/wp\/v2\/pages\/202","targetHints":{"allow":["GET"]}}],"collection":[{"href":"https:\/\/keystrategy.mc\/fr\/wp-json\/wp\/v2\/pages"}],"about":[{"href":"https:\/\/keystrategy.mc\/fr\/wp-json\/wp\/v2\/types\/page"}],"author":[{"embeddable":true,"href":"https:\/\/keystrategy.mc\/fr\/wp-json\/wp\/v2\/users\/4"}],"replies":[{"embeddable":true,"href":"https:\/\/keystrategy.mc\/fr\/wp-json\/wp\/v2\/comments?post=202"}],"version-history":[{"count":8,"href":"https:\/\/keystrategy.mc\/fr\/wp-json\/wp\/v2\/pages\/202\/revisions"}],"predecessor-version":[{"id":2090,"href":"https:\/\/keystrategy.mc\/fr\/wp-json\/wp\/v2\/pages\/202\/revisions\/2090"}],"wp:attachment":[{"href":"https:\/\/keystrategy.mc\/fr\/wp-json\/wp\/v2\/media?parent=202"}],"curies":[{"name":"wp","href":"https:\/\/api.w.org\/{rel}","templated":true}]}}